{"id":431,"date":"2019-05-24T11:17:45","date_gmt":"2019-05-24T16:17:45","guid":{"rendered":"http:\/\/www.medicina.uanl.mx\/investigacion\/?page_id=431"},"modified":"2019-07-19T09:33:46","modified_gmt":"2019-07-19T14:33:46","slug":"mensaje-del-subdirector","status":"publish","type":"page","link":"https:\/\/www.medicina.uanl.mx\/investigacion\/nosotros\/mensaje-del-subdirector\/","title":{"rendered":"Mensaje del Subdirector"},"content":{"rendered":"\t\t<div data-elementor-type=\"wp-post\" data-elementor-id=\"431\" class=\"elementor elementor-431\">\n\t\t\t\t\t\t<section class=\"elementor-section elementor-top-section elementor-element elementor-element-a772226 elementor-section-boxed elementor-section-height-default elementor-section-height-default\" data-id=\"a772226\" data-element_type=\"section\" data-e-type=\"section\">\n\t\t\t\t\t\t<div class=\"elementor-container elementor-column-gap-default\">\n\t\t\t\t\t<div class=\"elementor-column elementor-col-100 elementor-top-column elementor-element elementor-element-e34f523\" data-id=\"e34f523\" data-element_type=\"column\" data-e-type=\"column\">\n\t\t\t<div class=\"elementor-widget-wrap elementor-element-populated\">\n\t\t\t\t\t\t<div class=\"elementor-element elementor-element-b48061e elementor-widget elementor-widget-text-editor\" data-id=\"b48061e\" data-element_type=\"widget\" data-e-type=\"widget\" data-widget_type=\"text-editor.default\">\n\t\t\t\t<div class=\"elementor-widget-container\">\n\t\t\t\t\t\t\t\t\t<p><span style=\"font-size: 20px;\">La medicina acad\u00e9mica contempor\u00e1nea vive una etapa basada en la generaci\u00f3n del conocimiento as\u00ed como en la innovaci\u00f3n vinculada al sector productivo de la salud. Estamos ante una gran oportunidad y responsabilidad.<\/span><\/p><p><span style=\"font-size: 20px;\">El impulso a la investigaci\u00f3n en la \u00a0Facultad de Medicina y Hospital Universitario \u201cDr. Jos\u00e9 Eleuterio Gonz\u00e1lez\u201d inici\u00f3 hace m\u00e1s de una d\u00e9cada, bajo una decisi\u00f3n visionaria y anticipada a las instituciones m\u00e9dicas acad\u00e9micas de nuestro pa\u00eds, incluso de Latinoam\u00e9rica.<\/span><\/p><p><span style=\"font-size: 20px;\"><img fetchpriority=\"high\" decoding=\"async\" class=\"size-full wp-image-1264 alignright\" src=\"http:\/\/www.medicina.uanl.mx\/investigacion\/wp-content\/uploads\/2019\/06\/dr_gzz.jpg\" alt=\"\" width=\"388\" height=\"582\" \/><\/span><\/p><p><span style=\"font-size: 20px;\">Impulsar la generaci\u00f3n del conocimiento no ha sido complicado frente a una planta docente preparada y con una mentalidad de apertura al cambio y un s\u00f3lido compromiso institucional y profesional.<\/span><\/p><p><span style=\"font-size: 20px;\">Junto a esto, un posgrado de vanguardia, competitivo y acreditado nacionalmente. Adem\u00e1s con una gran cantidad de j\u00f3venes (m\u00e1s de 600) interesados por participar en esta nueva etapa de la Facultad de Medicina de la UANL.<\/span><\/p><p><span style=\"font-size: 20px;\">La capacitaci\u00f3n en investigaci\u00f3n y la vigilancia del desempe\u00f1o de los proyectos, han sido las m\u00e1s importantes estrategias para conseguir el crecimiento en investigaci\u00f3n que hoy se ha alcanzado. Los investigadores de la Facultad cuentan con una diversidad de herramientas de apoyo para cristalizar sus proyectos.<\/span><\/p><p><span style=\"font-size: 20px;\">Hoy, la Facultad tiene acreditados excelentes comit\u00e9s, como el Comit\u00e9 de Investigaci\u00f3n, Comit\u00e9 de \u00c9tica en Investigaci\u00f3n, Comit\u00e9 de Bioseguridad y el CICUAL. Tambi\u00e9n, les proporciona soporte en estad\u00edstica, metodolog\u00eda, b\u00fasqueda de informaci\u00f3n, resguardo de documentos fuente, etc. <\/span><\/p><p><span style=\"font-size: 20px;\">Cuenta con la acreditaci\u00f3n completa de m\u00e1s alto reconocimiento a programas de protecci\u00f3n de participantes humanos en proyectos de investigaci\u00f3n otorgada por la organizaci\u00f3n <\/span><a style=\"font-size: 20px;\" href=\"http:\/\/www.aahrpp.org\">AAHRPP.<\/a>\u00a0\u00a0<span style=\"font-size: 20px;\"><strong>Somos la \u00fanica instituci\u00f3n acad\u00e9mica en Latinoam\u00e9rica con esta acreditaci\u00f3n.<\/strong> <\/span><\/p><p><span style=\"font-size: 20px;\">Adem\u00e1s, existen espacios dedicados a apoyo especializado; la Incubadora Invest da apoyo en todo lo que requieran los investigadores en sus proyectos; tambi\u00e9n ofrecemos la<strong> Plataforma Invest<\/strong> (Unidad KER M\u00e9xico), donde en colaboraci\u00f3n con la KER Unit de Mayo Clinic\u00a0en Rochester MN, se participa en la evaluaci\u00f3n del conocimiento m\u00e9dico cient\u00edfico de actualidad.<\/span><\/p><p><span style=\"font-size: 20px;\">A pesar de algunos avances, la Facultad de Medicina enfrenta tres grandes retos a corto y mediano plazo:<\/span><\/p><ul><li><span style=\"font-size: 20px;\">El impulsar exponencialmente la integraci\u00f3n de nuestros alumnos en proyectos de investigaci\u00f3n de los profesores; que desde su primer paso en esta Facultad, contemplen su participaci\u00f3n y formaci\u00f3n en investigaci\u00f3n.<\/span><\/li><li><span style=\"font-size: 20px;\">El impulso al desarrollo del \u00e1rea de dispositivos m\u00e9dicos; junto con otras disciplinas, dar respuestas asertivas a la medicina que resulten en cambios sustanciales en la calidad de vida de la comunidad.<\/span><\/li><li><span style=\"font-size: 20px;\">La colaboraci\u00f3n con el sector productivo relacionado a la salud en todas las \u00e1reas de innovaci\u00f3n, pero sustancialmente en los renglones farmac\u00e9uticos y de dispositivos; una sinergia estrecha entre ambos sectores (acad\u00e9mico y productivo) dar\u00e1 grandes resultados a nuestros pacientes.<\/span><\/li><\/ul><p><span style=\"font-size: 20px;\">Hoy, los profesores y alumnos estamos muy emocionados por tener la oportunidad de participar en el terreno de la investigaci\u00f3n en coincidencia con esta etapa del mundo y de la Facultad de Medicina de la UANL. <\/span><\/p><p><span style=\"font-size: 20px;\">Responsablemente, disfrutaremos de cada una de las aportaciones que emanar\u00e1n de nuestra instituci\u00f3n en beneficio de la comunidad de nuestro pa\u00eds y el mundo.<\/span><\/p><p style=\"text-align: right;\"><strong>Dr. med. Jos\u00e9 Gerardo Gonz\u00e1lez Gonz\u00e1lez<\/strong><br \/>Subdirector de Investigaci\u00f3n<br \/>Facultad de Medicina y Hospital Universitario<br \/>\u201cDr. Jos\u00e9 Eleuterio Gonz\u00e1lez\u201d de la\u00a0UANL<\/p>\t\t\t\t\t\t\t\t<\/div>\n\t\t\t\t<\/div>\n\t\t\t\t\t<\/div>\n\t\t<\/div>\n\t\t\t\t\t<\/div>\n\t\t<\/section>\n\t\t\t\t<\/div>\n\t\t","protected":false},"excerpt":{"rendered":"<p>La medicina acad\u00e9mica contempor\u00e1nea vive una etapa basada en la generaci\u00f3n del conocimiento as\u00ed como en la innovaci\u00f3n vinculada al sector productivo de la salud. Estamos ante una gran oportunidad y responsabilidad. El impulso a la investigaci\u00f3n en la &nbsp;Facultad de Medicina y Hospital Universitario \u201cDr. Jos\u00e9 Eleuterio Gonz\u00e1lez\u201d inici\u00f3 hace m\u00e1s de una d\u00e9cada, &#8230; <a title=\"Mensaje del Subdirector\" class=\"read-more\" href=\"https:\/\/www.medicina.uanl.mx\/investigacion\/nosotros\/mensaje-del-subdirector\/\" aria-label=\"Leer m\u00e1s sobre Mensaje del Subdirector\">Leer m\u00e1s<\/a><\/p>\n","protected":false},"author":1,"featured_media":0,"parent":420,"menu_order":0,"comment_status":"closed","ping_status":"closed","template":"","meta":{"footnotes":""},"class_list":["post-431","page","type-page","status-publish"],"_links":{"self":[{"href":"https:\/\/www.medicina.uanl.mx\/investigacion\/wp-json\/wp\/v2\/pages\/431","targetHints":{"allow":["GET"]}}],"collection":[{"href":"https:\/\/www.medicina.uanl.mx\/investigacion\/wp-json\/wp\/v2\/pages"}],"about":[{"href":"https:\/\/www.medicina.uanl.mx\/investigacion\/wp-json\/wp\/v2\/types\/page"}],"author":[{"embeddable":true,"href":"https:\/\/www.medicina.uanl.mx\/investigacion\/wp-json\/wp\/v2\/users\/1"}],"replies":[{"embeddable":true,"href":"https:\/\/www.medicina.uanl.mx\/investigacion\/wp-json\/wp\/v2\/comments?post=431"}],"version-history":[{"count":29,"href":"https:\/\/www.medicina.uanl.mx\/investigacion\/wp-json\/wp\/v2\/pages\/431\/revisions"}],"predecessor-version":[{"id":3527,"href":"https:\/\/www.medicina.uanl.mx\/investigacion\/wp-json\/wp\/v2\/pages\/431\/revisions\/3527"}],"up":[{"embeddable":true,"href":"https:\/\/www.medicina.uanl.mx\/investigacion\/wp-json\/wp\/v2\/pages\/420"}],"wp:attachment":[{"href":"https:\/\/www.medicina.uanl.mx\/investigacion\/wp-json\/wp\/v2\/media?parent=431"}],"curies":[{"name":"wp","href":"https:\/\/api.w.org\/{rel}","templated":true}]}}