{"id":2,"date":"2010-12-18T01:05:52","date_gmt":"2010-12-18T01:05:52","guid":{"rendered":"http:\/\/www.medicina.uanl.mx\/hu\/?page_id=2"},"modified":"2013-09-26T16:10:17","modified_gmt":"2013-09-26T16:10:17","slug":"acerca-de","status":"publish","type":"page","link":"https:\/\/www.medicina.uanl.mx\/hu\/acerca-de\/","title":{"rendered":"Qui\u00e9nes Somos"},"content":{"rendered":"<ul>\n<li><a href=\"http:\/\/www.medicina.uanl.mx\/hu\/acerca-de\/acreditaciones-y-distinciones\/\">Acreditaciones y Distinciones<\/a><\/li>\n<li><a href=\"http:\/\/www.medicina.uanl.mx\/hu\/acerca-de\/historia\/\">Historia<\/a><\/li>\n<li><a href=\"http:\/\/www.medicina.uanl.mx\/hu\/acerca-de\/ley-organica\/\">Ley Org\u00e1nica<\/a><\/li>\n<li><a href=\"http:\/\/www.medicina.uanl.mx\/hu\/acerca-de\/mision-vision-y-valores\/\">Misi\u00f3n, Visi\u00f3n y Valores<\/a><\/li>\n<\/ul>\n","protected":false},"excerpt":{"rendered":"<p>Acreditaciones y Distinciones Historia Ley Org\u00e1nica Misi\u00f3n, Visi\u00f3n y Valores<\/p>\n","protected":false},"author":1,"featured_media":0,"parent":0,"menu_order":0,"comment_status":"open","ping_status":"open","template":"","meta":{"_et_pb_use_builder":"","_et_pb_old_content":"","_et_gb_content_width":"","footnotes":""},"class_list":["post-2","page","type-page","status-publish","hentry"],"_links":{"self":[{"href":"https:\/\/www.medicina.uanl.mx\/hu\/wp-json\/wp\/v2\/pages\/2","targetHints":{"allow":["GET"]}}],"collection":[{"href":"https:\/\/www.medicina.uanl.mx\/hu\/wp-json\/wp\/v2\/pages"}],"about":[{"href":"https:\/\/www.medicina.uanl.mx\/hu\/wp-json\/wp\/v2\/types\/page"}],"author":[{"embeddable":true,"href":"https:\/\/www.medicina.uanl.mx\/hu\/wp-json\/wp\/v2\/users\/1"}],"replies":[{"embeddable":true,"href":"https:\/\/www.medicina.uanl.mx\/hu\/wp-json\/wp\/v2\/comments?post=2"}],"version-history":[{"count":6,"href":"https:\/\/www.medicina.uanl.mx\/hu\/wp-json\/wp\/v2\/pages\/2\/revisions"}],"predecessor-version":[{"id":890,"href":"https:\/\/www.medicina.uanl.mx\/hu\/wp-json\/wp\/v2\/pages\/2\/revisions\/890"}],"wp:attachment":[{"href":"https:\/\/www.medicina.uanl.mx\/hu\/wp-json\/wp\/v2\/media?parent=2"}],"curies":[{"name":"wp","href":"https:\/\/api.w.org\/{rel}","templated":true}]}}