{"id":17,"date":"2010-12-18T03:57:10","date_gmt":"2010-12-18T03:57:10","guid":{"rendered":"http:\/\/www.medicina.uanl.mx\/hu\/?page_id=17"},"modified":"2010-12-18T04:00:03","modified_gmt":"2010-12-18T04:00:03","slug":"historia","status":"publish","type":"page","link":"https:\/\/www.medicina.uanl.mx\/hu\/acerca-de\/historia\/","title":{"rendered":"Historia"},"content":{"rendered":"<p style=\"font-family: Times; line-height: normal; font-size: small;\"><span style=\"color: #000000;\"><strong>EL PROYECTO<\/strong>.<\/span><\/p>\n<p style=\"font-family: Times; line-height: normal; font-size: small;\"><span style=\"color: #000000;\">En octubre de 1931 asume la gubernatura de Nuevo Le\u00f3n Francisco A. C\u00e1rdenas, quien luego de una visita al antiguo Hospital Civil decide como tarea prioritaria la construcci\u00f3n de un nuevo edificio, acorde con la modernidad de esa \u00e9poca<\/span><\/p>\n<p style=\"font-family: Times; line-height: normal; font-size: small;\"><span style=\"color: #000000;\">Se nombr\u00f3 una Comisi\u00f3n formada por los Doctores Francisco L. Rocha como Presidente, el Director del Hospital Civil, Serapio Muraira, el Director de la Escuela de Medicina, Procopio Gonz\u00e1lez Garza y los Doctores Angel Mart\u00ednez Villarreal, Francisco Vela Gonz\u00e1lez y Tel\u00e9sforo Chapa. A propuesta suya se contrat\u00f3 al Doctor William Henry Walsh, de Chicago Estados Unidos, como M\u00e9dico Consultor del Comit\u00e9. La sugerencia fue la erecci\u00f3n de un Centro M\u00e9dico<\/span><\/p>\n<p style=\"font-family: Times; line-height: normal; font-size: small;\"><span style=\"color: #000000;\">Se aceptaron las sugestiones del Doctor Walsh de prever las posibles ampliaciones futuras que pudiera necesitar el Centro M\u00e9dico, cuyo primer edificio ser\u00eda el Hospital.<\/span><\/p>\n<p style=\"font-family: Times; line-height: normal; font-size: small;\"><span style=\"color: #000000;\">Sobre la base de lo anterior se adquirieron 30 hect\u00e1reas de un terreno r\u00fastico, situado en el extremo Poniente de la Calzada Francisco I. Madero. El sitio se catalog\u00f3 ideal, espacio suficiente para cualquier desarrollo ulterior, desnivel de 32 metros sobre el piso de la Plaza Zaragoza, perfectamente ventilado, alejado del ruido de la ciudad y las f\u00e1bricas.<\/span><\/p>\n<p style=\"font-family: Times; line-height: normal; font-size: small;\"><span style=\"color: #000000;\">En el contrato de compraventa del predio se puntualiz\u00f3 que s\u00f3lo se construir\u00edan edificios afines a la medicina, que la propiedad era exclusiva del Hospital Civil, quien conceder\u00eda autorizaci\u00f3n para nuevas instalaciones.<\/span><\/p>\n<p style=\"font-family: Times; line-height: normal; font-size: small;\"><span style=\"color: #000000;\"><img loading=\"lazy\" decoding=\"async\" src=\"http:\/\/www.crids.uanl.mx\/servicios\/sala_historia2\/Pagina2006\/Maqueta1933-mini.jpg\" border=\"2\" alt=\"\" width=\"467\" height=\"299\" align=\"left\" \/><\/span><\/p>\n<p style=\"font-family: Times; line-height: normal; font-size: small;\"><span style=\"color: #000000;\">El dise\u00f1o del plano y maqueta originales estuvieron a cargo del Ing. Eduardo Belden y el Arq. Leopoldo Quijano<\/span><\/p>\n<p style=\"font-family: Times; line-height: normal; font-size: small;\"><span style=\"color: #000000;\">Para la fecha en que el gobernador C\u00e1rdenas rindi\u00f3 lo que ser\u00eda su \u00faltimo Informe, 16 de septiembre de 1934, se hab\u00eda concluido en su totalidad la estructura de concreto armado de todo el edificio, todas las paredes exteriores, instalaci\u00f3n parcial de la tuber\u00eda para alambrado el\u00e9ctrico y de servicios sanitarios.<\/span><\/p>\n<p style=\"line-height: normal; font-size: small;\"><span style=\"color: #000000;\"><br \/>\n<\/span><\/p>\n<p style=\"line-height: normal; font-size: small;\"><span style=\"color: #000000;\"><br \/>\n<\/span><\/p>\n<p style=\"line-height: normal; font-size: small;\"><span style=\"color: #000000;\"><br \/>\n<\/span><\/p>\n<p style=\"line-height: normal; font-size: small;\"><span style=\"color: #000000;\"><br \/>\n<\/span><\/p>\n<p style=\"line-height: normal; font-size: small;\"><span style=\"color: #000000;\"><br \/>\n<\/span><\/p>\n<p style=\"line-height: normal; font-size: small;\"><span style=\"color: #000000;\"><br \/>\n<\/span><\/p>\n<p style=\"font-family: Times; line-height: normal; font-size: small;\"><span style=\"color: #663300;\"><strong><span style=\"color: #000000;\">AVANCE E INAUGURACION<\/span><\/strong><\/span><\/p>\n<p style=\"font-family: Times; line-height: normal; font-size: small;\"><span style=\"color: #000000;\">Por problemas de pol\u00edtica el gobernador C\u00e1rdenas abandon\u00f3 su cargo, dejando eregida la obra negra del nuevo Hospital. Le sucedi\u00f3 en el cargo el licenciado Pablo Quiroga, quien continu\u00f3 los trabajos, aunque a ritmo m\u00e1s lento. Una aportaci\u00f3n importante fue la que se obtuvo con la Feria de Mayo de 1937. En la construcci\u00f3n del nuevo Hospital Civil se invirtieron m\u00e1s de $510000. Se destin\u00f3 a materiales de alba\u00f1iler\u00eda, gabinetes sanitarios, instalaci\u00f3n el\u00e9ctrica, puertas, ventanas y salarios para trabajadores.<\/span><\/p>\n<p style=\"font-family: Times; line-height: normal; font-size: small;\"><span style=\"color: #000000;\"><img loading=\"lazy\" decoding=\"async\" src=\"http:\/\/www.crids.uanl.mx\/servicios\/sala_historia2\/Pagina2006\/hu37d-mini.jpg\" border=\"2\" alt=\"\" width=\"294\" height=\"230\" align=\"left\" \/><\/span><\/p>\n<p style=\"font-family: Times; line-height: normal; font-size: small;\"><span style=\"color: #000000;\">En el a\u00f1o de 1938, con la llegada al Gobierno del general Anacleto Guerrero, por ley de estado fue creada la Beneficencia P\u00fablica y bajo los auspicios de \u00e9sta, siendo director del Hospital antiguo el doctor Benjam\u00edn Almeida, se sigui\u00f3 invirtiendo para acondicionar el s\u00f3tano, el primer piso y parte del segundo, para que el nuevo edificio funcionara, al menos, en forma parcial.<\/span><\/p>\n<p style=\"line-height: normal; font-size: small;\"><span style=\"color: #000000;\"><br \/>\n<\/span><\/p>\n<p style=\"line-height: normal; font-size: small;\"><span style=\"color: #000000;\"><br \/>\n<\/span><\/p>\n<p style=\"line-height: normal; font-size: small;\"><span style=\"color: #000000;\"><br \/>\n<\/span><\/p>\n<p style=\"line-height: normal; font-size: small;\"><span style=\"color: #000000;\"><br \/>\n<\/span><\/p>\n<p style=\"line-height: normal; font-size: small;\"><span style=\"color: #000000;\"><br \/>\n<\/span><\/p>\n<p style=\"font-family: Times; line-height: normal; font-size: small;\"><span style=\"color: #000000;\">Sucede al general Guerrero en la gubernatura el tambi\u00e9n militar Bonifacio Salinas Leal; gestiona y consigue que la Secretar\u00eda de Salubridad y Asistencia apoye con generosidad el avance de las obras y, en 1943, se terminan el tercero y cuarto pisos del hospital; para la dotaci\u00f3n de equipo e instrumental se destinan fuertes erogaciones. En dicho a\u00f1o se hace una reapertura de los servicios del Hospital en un acto conmemorativo.<\/span><\/p>\n<p style=\"font-family: Times; line-height: normal; font-size: small;\"><span style=\"color: #000000;\">Se dio a conocer en el Informe de Gobierno que el costo total de la obra sum\u00f3 CINCO MILLONES DE PESOS, y servir\u00e1 para dar cupo a setecientos pacientes.<\/span><\/p>\n<p style=\"font-family: Times; line-height: normal; font-size: small;\"><span style=\"color: #000000;\"><img loading=\"lazy\" decoding=\"async\" src=\"http:\/\/www.crids.uanl.mx\/servicios\/sala_historia2\/Pagina2006\/Apertura1943-mini.jpg\" border=\"2\" alt=\"\" width=\"548\" height=\"364\" \/><br \/>\n<span style=\"font-size: x-small;\"><strong>Inauguraci\u00f3n en 1943<\/strong><\/span><\/span><\/p>\n<p style=\"line-height: normal; font-size: small;\"><span style=\"color: #000000;\"><br \/>\n<\/span><\/p>\n<p style=\"font-family: Times; line-height: normal; font-size: small;\"><span style=\"color: #663300;\"><strong><span style=\"color: #000000;\">EL HOSPITAL \u2013 ESCUELA<\/span><\/strong><\/span><\/p>\n<p style=\"font-family: Times; line-height: normal; font-size: small;\"><span style=\"color: #000000;\">Durante la gesti\u00f3n del licenciado Arturo B. de la Garza, sucesor de Bonifacio Salinas Leal, se le propone un esquema administrativo en base a la f\u00f3rmula Hospital &#8211; Escuela, promovida desde la d\u00e9cada de los &#8217;30 por el director de la Facultad, doctor Eusebio Guajardo, y retomada en 1943 &#8211; 44 por el doctor Angel Mart\u00ednez Villarreal, tambi\u00e9n con el mismo cargo.<\/span><\/p>\n<p style=\"font-family: Times; line-height: normal; font-size: small;\"><span style=\"color: #000000;\">Fundamentalmente se propon\u00eda la administraci\u00f3n del Hospital a cargo de la Facultad de Medicina de la Universidad de Nuevo Le\u00f3n, a fin de convertir aqu\u00e9l en un macrodepartamento cl\u00ednico. En consecuencia, el director de la escuela deb\u00eda ser tambi\u00e9n del Hospital y los catedr\u00e1ticos, responsables de los departamentos y servicios del Hospital.<\/span><\/p>\n<p style=\"font-family: Times; line-height: normal; font-size: small;\"><span style=\"color: #000000;\">La idea no fue bien vista por ciertos organismos, entre otros, la Junta de Beneficencia P\u00fablica, responsable en esa fecha (1944), de la administraci\u00f3n del nosocomio. A consecuencia de ello surgi\u00f3 un roce entre las autoridades del Hospital, entonces bajo el mando del doctor Francisco L. Rocha y el director de la Facultad, Dr. Angel Mart\u00ednez Villarreal. El conflicto se polariz\u00f3 hasta concluir en una huelga de la Universidad de Nuevo Le\u00f3n en apoyo a las demandas de la Facultad.<\/span><\/p>\n<p style=\"font-family: Times; line-height: normal; font-size: small;\"><span style=\"color: #000000;\">El gobernador Arturo B. de la Garza tom\u00f3 una soluci\u00f3n intermedia, los directivos de ambas instituciones se coordinar\u00edan para nombrar los jefes de departamentos.<\/span><\/p>\n<p style=\"font-family: Times; line-height: normal; font-size: small;\"><span style=\"color: #000000;\">El doctor Francisco Vela Gonz\u00e1lez, sucesor de Francisco L. Rocha en la direcci\u00f3n del Hospital, inici\u00f3 su gesti\u00f3n directiva con el proceso de departamentalizaci\u00f3n. Se considera un avance de lo que a\u00f1os despu\u00e9s ser\u00e1 el Hospital Universitario.<\/span><\/p>\n<p style=\"font-family: Times; line-height: normal; font-size: small;\"><span style=\"color: #000000;\">El proyecto de Hospital &#8211; Escuela continu\u00f3 latente, al inaugurarse el actual edificio de la Facultad de Medicina, a unos metros del Hospital, a fines de 1951, se concret\u00f3 la ligaz\u00f3n entre las dos instituciones.<\/span><\/p>\n<p style=\"font-family: Times; line-height: normal; font-size: small;\"><span style=\"color: #663300;\"><strong><span style=\"color: #000000;\">EL HOSPITAL UNIVERSITARIO<\/span><\/strong><\/span><\/p>\n<p style=\"font-family: Times; line-height: normal; font-size: small;\"><span style=\"color: #000000;\">El entonces Gobernador, doctor Ignacio Morones Prieto, promulga el 2 de junio de 1952 el acuerdo por el cual el Estado cede el Hospital Civil a la Universidad de Nuevo Le\u00f3n para que, v\u00eda Facultad de Medicina, lo administre en bien de la ense\u00f1anza m\u00e9dica y asistencia m\u00e9dica.<\/span><\/p>\n<p style=\"font-family: Times; line-height: normal; font-size: small;\"><span style=\"color: #000000;\">Fue hasta el 10 de enero de 1955 cuando se promulga la Ley Org\u00e1nica del Hospital Universitario por medio del Decreto 105, que garantiza certidumbre jur\u00eddica, y cuyos primeros art\u00edculos apuntan:<\/span><\/p>\n<p style=\"font-family: Times; line-height: normal; font-size: small;\"><span style=\"color: #000000;\">1o.- El Hospital Dr. Jos\u00e9 Eleuterio Gonz\u00e1lez es una instituci\u00f3n del Estado dedicada a prestar servicios p\u00fablico y asistencial en funci\u00f3n de la salud humana y de la ense\u00f1anza y del progreso de las ciencias m\u00e9dicas de Nuevo Le\u00f3n. En consecuencia se considerar\u00e1 en lo sucesivo como una dependencia de la Universidad de Nuevo Le\u00f3n, organizada como Departamento Cl\u00ednico de la Facultad de Medicina de la citada instituci\u00f3n, y se regir\u00e1 por los preceptos de esta ley y de las correspondientes a la Universidad de Nuevo Le\u00f3n.<\/span><\/p>\n<p style=\"font-family: Times; line-height: normal; font-size: small;\"><span style=\"color: #000000;\">2o.- Los terrenos, edificio, instalaciones y bienes muebles que actualmente integran el patrimonio del citado establecimiento bajo el r\u00e9gimen de beneficencia p\u00fablica y posteriormente de la asistencia social, quedan afectados a las funciones encomendadas el Hospital Universitario como dependencia de la Facultad de Medicina. Estos bienes se regir\u00e1n para lo sucesivo por las disposiciones relativas al patrimonio de la Universidad de Nuevo Le\u00f3n y en lo futuro s\u00f3lo podr\u00e1n afectarse las partes de terreno que no est\u00e9n dedicadas a los fines anteriores, para el establecimiento de los centros de la misma \u00edndole m\u00e9dica, educativa y asistencial, creados por el Estado o la Universidad<\/span><\/p>\n<p style=\"font-family: Times; line-height: normal; font-size: small;\"><span style=\"color: #000000;\">4o.- La autoridad superior del Hospital residir\u00e1 en el Consejo Universitario de la Universidad de Nuevo Le\u00f3n, pero \u00e9ste s\u00f3lo deber\u00e1 ejercerla por medio de disposiciones de orden general, correspondiendo en todo caso la resoluci\u00f3n de problemas particulares de car\u00e1cter administrativo, disciplinario o asistencial a la Direcci\u00f3n de la Facultad de Medicina, que ser\u00e1 la misma del propio Hospital. Lo anterior se entender\u00e1 sin perjuicio de las facultades que competen al Consejo respecto al nombramiento del personal universitario y las disposiciones de la Ley Org\u00e1nica de la Universidad de Nuevo Le\u00f3n y sus reglamentos<\/span><\/p>\n<p style=\"font-family: Times; line-height: normal; font-size: small;\"><span style=\"color: #000000;\">El Hospital, pese a que se transform\u00f3 de Civil a Universitario, funcion\u00f3 durante alg\u00fan tiempo a la usanza tradicional. Continuaba el tratamiento de pacientes a cargo de m\u00e9dicos externos ajenos a la Facultad de Medicina. Sin embargo, con la ley org\u00e1nica del 55 inici\u00f3 la reestructuraci\u00f3n en el \u00e1rea docente en la Facultad, con la integraci\u00f3n de los departamentos b\u00e1sicos.<\/span><\/p>\n<p><strong><span style=\"color: #000000;\">EDIFICIOS POSTERIORES<\/span><\/strong><\/p>\n<p style=\"font-family: Times; line-height: normal; font-size: small;\"><span style=\"color: #000000;\">La Facultad de Medicina y el Hospital Universitario formaron el n\u00facleo del Area Biom\u00e9dica de la Universidad Aut\u00f3noma de Nuevo Le\u00f3n, que hoy incluye adem\u00e1s las Facultades de Odontolog\u00eda, Salud P\u00fablica y Nutrici\u00f3n, Psicolog\u00eda y Enfermer\u00eda.<\/span><\/p>\n<p style=\"font-family: Times; line-height: normal; font-size: small;\"><span style=\"color: #000000;\">Alrededor de los edificios originales de Facultad y Hospital se han ido levantando adem\u00e1s diversas construcciones.<\/span><\/p>\n<p style=\"font-family: Times; line-height: normal; font-size: small;\"><span style=\"color: #000000;\"><img loading=\"lazy\" decoding=\"async\" src=\"http:\/\/www.crids.uanl.mx\/servicios\/sala_historia2\/Pagina2006\/ConsExt1982-mini.jpg\" border=\"2\" alt=\"\" width=\"370\" height=\"209\" align=\"right\" \/>Hasta 1973, la consulta externa se hac\u00eda dentro del mismo edificio en el 1\u00ba y 2\u00ba Pisos de la sala sur &#8211; poniente, donde se ten\u00eda la recuperaci\u00f3n de pacientes. La construcci\u00f3n del agregado de Consulta Externa inici\u00f3 en 1967 y se suspendi\u00f3 -inconcluso- en 1970, se reanudaron los trabajos hasta 1973.<\/span><\/p>\n<p style=\"font-family: Times; line-height: normal; font-size: small;\"><span style=\"color: #000000;\">En 1974 se inician las actividades en el nuevo edificio de Consulta Externa, construido a un lado del Hospital y comunicado interiormente al mismo; esta unidad represent\u00f3 un alivio para las necesidades de \u00e1rea f\u00edsica del Hospital Civil.<\/span><\/p>\n<p style=\"font-family: Times; line-height: normal; font-size: small;\"><span style=\"color: #000000;\">Atr\u00e1s del Hospital se edific\u00f3 la Unidad de Psiquiatr\u00eda, inaugurada en 1967, que a la fecha sigue en proceso de ampliaci\u00f3n.<\/span><\/p>\n<p style=\"font-family: Times; line-height: normal; font-size: small;\"><span style=\"color: #000000;\">Lo que originalmente se dise\u00f1\u00f3 como Hospital de Cardiolog\u00eda se llama en la actualidad edificio Ciencias M\u00e9dicas II. Aloja a varios Departamentos B\u00e1sicos y Cl\u00ednicos.<\/span><\/p>\n<p style=\"font-family: Times; line-height: normal; font-size: small;\"><span style=\"color: #000000;\">En 1978 se inici\u00f3 la construcci\u00f3n del 5o. Piso del Hospital, aunque no como lo contemplaba el proyecto original, de Pediatr\u00eda. Ah\u00ed se instalaron los quir\u00f3fanos y la sala de cuidados intensivos (1982)<\/span><\/p>\n<p style=\"font-family: Times; line-height: normal; font-size: small;\"><span style=\"color: #000000;\">Localizado tambi\u00e9n en la parte posterior del Hospital se encuentra el edificio de Radiodiagn\u00f3stico y Radioterapia, inaugurado a fines de 1980.<\/span><\/p>\n<p style=\"font-family: Times; line-height: normal; font-size: small;\"><span style=\"color: #000000;\">Contiene lo m\u00e1s avanzado en tecnolog\u00eda moderna de Radiolog\u00eda, as\u00ed como equipos de Ultrasonograf\u00eda y Tomograf\u00eda Axial computarizada.<\/span><\/p>\n<p style=\"font-family: Times; line-height: normal; font-size: small;\"><span style=\"color: #000000;\">En el mismo edificio se localiza el Departamento de Oncolog\u00eda, que cuenta con un acelerador lineal de la m\u00e1s avanza tecnolog\u00eda.<\/span><\/p>\n<p style=\"font-family: Times; line-height: normal; font-size: small;\"><span style=\"color: #000000;\"><img loading=\"lazy\" decoding=\"async\" src=\"http:\/\/www.crids.uanl.mx\/servicios\/sala_historia2\/Pagina2006\/Pediatria1-mini.jpg\" border=\"2\" alt=\"\" width=\"284\" height=\"378\" align=\"left\" \/><\/span><\/p>\n<p style=\"line-height: normal; font-size: small;\"><span style=\"color: #000000;\"><br \/>\n<\/span><\/p>\n<p style=\"line-height: normal; font-size: small;\"><span style=\"color: #000000;\"><br \/>\n<\/span><\/p>\n<p style=\"line-height: normal; font-size: small;\"><span style=\"color: #000000;\"><br \/>\n<\/span><\/p>\n<p style=\"line-height: normal; font-size: small;\"><span style=\"color: #000000;\"><br \/>\n<\/span><\/p>\n<p style=\"font-family: Times; line-height: normal; font-size: small;\"><span style=\"color: #000000;\">En las gestiones directivas recientes se continu\u00f3 el intenso programa de remodelaci\u00f3n y optimizaci\u00f3n de los espacios disponibles, destaca la del edificio Dr. Rodrigo Barrag\u00e1n. Adem\u00e1s se agregaron la Unidad Shock Trauma Carlos Maldonado en 2001 y la Torre de Pediatr\u00eda en este 2003.<\/span><\/p>\n<p style=\"line-height: normal; font-size: small;\"><span style=\"color: #000000;\"><br \/>\n<\/span><\/p>\n<p style=\"line-height: normal; font-size: small;\"><span style=\"color: #000000;\"><br \/>\n<\/span><\/p>\n<p style=\"line-height: normal; font-size: small;\"><span style=\"color: #000000;\"><br \/>\n<\/span><\/p>\n<p style=\"line-height: normal; font-size: small;\"><span style=\"color: #000000;\"><br \/>\n<\/span><\/p>\n<p style=\"font-family: Times; line-height: normal; font-size: small;\"><span style=\"color: #000000;\">El Hospital Universitario Dr. Jos\u00e9 Eleuterio Gonz\u00e1lez es el \u00fanico de tercer nivel de atenci\u00f3n (Especialidades) en el noreste del pa\u00eds para la poblaci\u00f3n sin cobertura m\u00e9dica social. Hoy dispone de 500 camas de internamiento, 50 para Cuidados Intensivos e intermedios de Pediatr\u00eda y 20 para Cuidados Intensivos de Adultos.<\/span><\/p>\n<p style=\"font-family: Times; line-height: normal; font-size: small;\"><span style=\"color: #000000;\"><img loading=\"lazy\" decoding=\"async\" src=\"http:\/\/www.crids.uanl.mx\/servicios\/sala_historia2\/Pagina2006\/aerea%BF9601(06)-mini.jpg\" border=\"2\" alt=\"\" width=\"487\" height=\"338\" \/><\/span><\/p>\n","protected":false},"excerpt":{"rendered":"<p>EL PROYECTO. En octubre de 1931 asume la gubernatura de Nuevo Le\u00f3n Francisco A. C\u00e1rdenas, quien luego de una visita al antiguo Hospital Civil decide como tarea prioritaria la construcci\u00f3n [&hellip;]<\/p>\n","protected":false},"author":1,"featured_media":0,"parent":2,"menu_order":0,"comment_status":"open","ping_status":"open","template":"","meta":{"_et_pb_use_builder":"","_et_pb_old_content":"","_et_gb_content_width":"","footnotes":""},"class_list":["post-17","page","type-page","status-publish","hentry"],"_links":{"self":[{"href":"https:\/\/www.medicina.uanl.mx\/hu\/wp-json\/wp\/v2\/pages\/17","targetHints":{"allow":["GET"]}}],"collection":[{"href":"https:\/\/www.medicina.uanl.mx\/hu\/wp-json\/wp\/v2\/pages"}],"about":[{"href":"https:\/\/www.medicina.uanl.mx\/hu\/wp-json\/wp\/v2\/types\/page"}],"author":[{"embeddable":true,"href":"https:\/\/www.medicina.uanl.mx\/hu\/wp-json\/wp\/v2\/users\/1"}],"replies":[{"embeddable":true,"href":"https:\/\/www.medicina.uanl.mx\/hu\/wp-json\/wp\/v2\/comments?post=17"}],"version-history":[{"count":3,"href":"https:\/\/www.medicina.uanl.mx\/hu\/wp-json\/wp\/v2\/pages\/17\/revisions"}],"predecessor-version":[{"id":19,"href":"https:\/\/www.medicina.uanl.mx\/hu\/wp-json\/wp\/v2\/pages\/17\/revisions\/19"}],"up":[{"embeddable":true,"href":"https:\/\/www.medicina.uanl.mx\/hu\/wp-json\/wp\/v2\/pages\/2"}],"wp:attachment":[{"href":"https:\/\/www.medicina.uanl.mx\/hu\/wp-json\/wp\/v2\/media?parent=17"}],"curies":[{"name":"wp","href":"https:\/\/api.w.org\/{rel}","templated":true}]}}