{"id":2,"date":"2014-03-10T21:08:09","date_gmt":"2014-03-10T21:08:09","guid":{"rendered":"http:\/\/www.medicina.uanl.mx\/educacioncontinua\/?page_id=2"},"modified":"2020-03-10T18:00:34","modified_gmt":"2020-03-10T18:00:34","slug":"pagina-ejemplo","status":"publish","type":"page","link":"https:\/\/www.medicina.uanl.mx\/educacioncontinua\/pagina-ejemplo\/","title":{"rendered":"Subdirecci\u00f3n de Educaci\u00f3n Continua"},"content":{"rendered":"<p>&nbsp;<\/p>\n<ul>\n<li><a title=\"Qui\u00e9nes somos\" href=\"https:\/\/www.medicina.uanl.mx\/educacioncontinua\/?page_id=42\">Subdirecci\u00f3n de Educaci\u00f3n Continua<\/a><\/li>\n<li><a title=\"Nuestra Estrategia\" href=\"https:\/\/www.medicina.uanl.mx\/educacioncontinua\/?page_id=34\">Misi\u00f3n y Visi\u00f3n<\/a><\/li>\n<li><a title=\"Organigrama\" href=\"https:\/\/www.medicina.uanl.mx\/educacioncontinua\/?page_id=51\">Organigrama<\/a><\/li>\n<li><a title=\"Contacto y Ubicaci\u00f3n\" href=\"https:\/\/www.medicina.uanl.mx\/educacioncontinua\/?page_id=20\">Cont\u00e1ctanos<\/a><\/li>\n<\/ul>\n","protected":false},"excerpt":{"rendered":"<p>&nbsp; Subdirecci\u00f3n de Educaci\u00f3n Continua Misi\u00f3n y Visi\u00f3n Organigrama Cont\u00e1ctanos<\/p>\n","protected":false},"author":1,"featured_media":0,"parent":0,"menu_order":4,"comment_status":"open","ping_status":"open","template":"","meta":{"_et_pb_use_builder":"","_et_pb_old_content":"","_et_gb_content_width":"","_joinchat":[],"footnotes":""},"class_list":["post-2","page","type-page","status-publish","hentry"],"_links":{"self":[{"href":"https:\/\/www.medicina.uanl.mx\/educacioncontinua\/wp-json\/wp\/v2\/pages\/2","targetHints":{"allow":["GET"]}}],"collection":[{"href":"https:\/\/www.medicina.uanl.mx\/educacioncontinua\/wp-json\/wp\/v2\/pages"}],"about":[{"href":"https:\/\/www.medicina.uanl.mx\/educacioncontinua\/wp-json\/wp\/v2\/types\/page"}],"author":[{"embeddable":true,"href":"https:\/\/www.medicina.uanl.mx\/educacioncontinua\/wp-json\/wp\/v2\/users\/1"}],"replies":[{"embeddable":true,"href":"https:\/\/www.medicina.uanl.mx\/educacioncontinua\/wp-json\/wp\/v2\/comments?post=2"}],"version-history":[{"count":12,"href":"https:\/\/www.medicina.uanl.mx\/educacioncontinua\/wp-json\/wp\/v2\/pages\/2\/revisions"}],"predecessor-version":[{"id":6676,"href":"https:\/\/www.medicina.uanl.mx\/educacioncontinua\/wp-json\/wp\/v2\/pages\/2\/revisions\/6676"}],"wp:attachment":[{"href":"https:\/\/www.medicina.uanl.mx\/educacioncontinua\/wp-json\/wp\/v2\/media?parent=2"}],"curies":[{"name":"wp","href":"https:\/\/api.w.org\/{rel}","templated":true}]}}